{"id":4735,"date":"2024-10-04T11:15:19","date_gmt":"2024-10-04T09:15:19","guid":{"rendered":"https:\/\/edufisaludable.com\/curso-completo\/"},"modified":"2024-10-04T11:15:19","modified_gmt":"2024-10-04T09:15:19","slug":"curso-completo","status":"publish","type":"page","link":"https:\/\/edufisaludable.com\/en\/curso-completo\/","title":{"rendered":"Curso completado"},"content":{"rendered":"<p class=\"has-text-align-center has-large-font-size\">\u00a1Enhorabuena por haber completado este curso! \ud83e\udd73<\/p><div class=\"wp-block-buttons is-content-justification-center is-layout-flex wp-block-buttons-is-layout-flex\" id=\"course-completed-actions\"><div class=\"wp-block-button more-courses\"><a class=\"wp-block-button__link\">Encontrar m\u00e1s cursos<\/a><\/div><\/div>","protected":false},"excerpt":{"rendered":"<p>\u00a1Enhorabuena por haber completado este curso! \ud83e\udd73<\/p>\n","protected":false},"author":1,"featured_media":0,"parent":0,"menu_order":0,"comment_status":"closed","ping_status":"closed","template":"","meta":{"footnotes":""},"class_list":["post-4735","page","type-page","status-publish","hentry"],"yoast_head":"<!-- This site is optimized with the Yoast SEO plugin v26.8 - https:\/\/yoast.com\/product\/yoast-seo-wordpress\/ -->\n<title>Curso completado - Edufisaludable<\/title>\n<meta name=\"robots\" content=\"index, follow, max-snippet:-1, max-image-preview:large, max-video-preview:-1\" \/>\n<link rel=\"canonical\" href=\"https:\/\/edufisaludable.com\/en\/curso-completo\/\" \/>\n<meta property=\"og:locale\" content=\"en_US\" \/>\n<meta property=\"og:type\" content=\"article\" \/>\n<meta property=\"og:title\" content=\"Curso completado - Edufisaludable\" \/>\n<meta property=\"og:description\" content=\"\u00a1Enhorabuena por haber completado este curso! \ud83e\udd73\" \/>\n<meta property=\"og:url\" content=\"https:\/\/edufisaludable.com\/en\/curso-completo\/\" \/>\n<meta property=\"og:site_name\" content=\"Edufisaludable\" \/>\n<meta name=\"twitter:card\" content=\"summary_large_image\" \/>\n<script type=\"application\/ld+json\" class=\"yoast-schema-graph\">{\"@context\":\"https:\/\/schema.org\",\"@graph\":[{\"@type\":\"WebPage\",\"@id\":\"https:\/\/edufisaludable.com\/en\/curso-completo\/\",\"url\":\"https:\/\/edufisaludable.com\/en\/curso-completo\/\",\"name\":\"Curso completado - Edufisaludable\",\"isPartOf\":{\"@id\":\"https:\/\/edufisaludable.com\/#website\"},\"datePublished\":\"2024-10-04T09:15:19+00:00\",\"breadcrumb\":{\"@id\":\"https:\/\/edufisaludable.com\/en\/curso-completo\/#breadcrumb\"},\"inLanguage\":\"en-US\",\"potentialAction\":[{\"@type\":\"ReadAction\",\"target\":[\"https:\/\/edufisaludable.com\/en\/curso-completo\/\"]}]},{\"@type\":\"BreadcrumbList\",\"@id\":\"https:\/\/edufisaludable.com\/en\/curso-completo\/#breadcrumb\",\"itemListElement\":[{\"@type\":\"ListItem\",\"position\":1,\"name\":\"Portada\",\"item\":\"https:\/\/edufisaludable.com\/en\/\"},{\"@type\":\"ListItem\",\"position\":2,\"name\":\"Curso completado\"}]},{\"@type\":\"WebSite\",\"@id\":\"https:\/\/edufisaludable.com\/#website\",\"url\":\"https:\/\/edufisaludable.com\/\",\"name\":\"Edufisaludable\",\"description\":\"Red Internacional de Investigaci\u00f3n en Educaci\u00f3n F\u00edsica y Promoci\u00f3n de H\u00e1bitos Saludables.\",\"potentialAction\":[{\"@type\":\"SearchAction\",\"target\":{\"@type\":\"EntryPoint\",\"urlTemplate\":\"https:\/\/edufisaludable.com\/?s={search_term_string}\"},\"query-input\":{\"@type\":\"PropertyValueSpecification\",\"valueRequired\":true,\"valueName\":\"search_term_string\"}}],\"inLanguage\":\"en-US\"}]}<\/script>\n<!-- \/ Yoast SEO plugin. -->","yoast_head_json":{"title":"Curso completado - Edufisaludable","robots":{"index":"index","follow":"follow","max-snippet":"max-snippet:-1","max-image-preview":"max-image-preview:large","max-video-preview":"max-video-preview:-1"},"canonical":"https:\/\/edufisaludable.com\/en\/curso-completo\/","og_locale":"en_US","og_type":"article","og_title":"Curso completado - Edufisaludable","og_description":"\u00a1Enhorabuena por haber completado este curso! \ud83e\udd73","og_url":"https:\/\/edufisaludable.com\/en\/curso-completo\/","og_site_name":"Edufisaludable","twitter_card":"summary_large_image","schema":{"@context":"https:\/\/schema.org","@graph":[{"@type":"WebPage","@id":"https:\/\/edufisaludable.com\/en\/curso-completo\/","url":"https:\/\/edufisaludable.com\/en\/curso-completo\/","name":"Curso completado - Edufisaludable","isPartOf":{"@id":"https:\/\/edufisaludable.com\/#website"},"datePublished":"2024-10-04T09:15:19+00:00","breadcrumb":{"@id":"https:\/\/edufisaludable.com\/en\/curso-completo\/#breadcrumb"},"inLanguage":"en-US","potentialAction":[{"@type":"ReadAction","target":["https:\/\/edufisaludable.com\/en\/curso-completo\/"]}]},{"@type":"BreadcrumbList","@id":"https:\/\/edufisaludable.com\/en\/curso-completo\/#breadcrumb","itemListElement":[{"@type":"ListItem","position":1,"name":"Portada","item":"https:\/\/edufisaludable.com\/en\/"},{"@type":"ListItem","position":2,"name":"Curso completado"}]},{"@type":"WebSite","@id":"https:\/\/edufisaludable.com\/#website","url":"https:\/\/edufisaludable.com\/","name":"Edufisaludable","description":"Red Internacional de Investigaci\u00f3n en Educaci\u00f3n F\u00edsica y Promoci\u00f3n de H\u00e1bitos Saludables.","potentialAction":[{"@type":"SearchAction","target":{"@type":"EntryPoint","urlTemplate":"https:\/\/edufisaludable.com\/?s={search_term_string}"},"query-input":{"@type":"PropertyValueSpecification","valueRequired":true,"valueName":"search_term_string"}}],"inLanguage":"en-US"}]}},"_links":{"self":[{"href":"https:\/\/edufisaludable.com\/en\/wp-json\/wp\/v2\/pages\/4735","targetHints":{"allow":["GET"]}}],"collection":[{"href":"https:\/\/edufisaludable.com\/en\/wp-json\/wp\/v2\/pages"}],"about":[{"href":"https:\/\/edufisaludable.com\/en\/wp-json\/wp\/v2\/types\/page"}],"author":[{"embeddable":true,"href":"https:\/\/edufisaludable.com\/en\/wp-json\/wp\/v2\/users\/1"}],"replies":[{"embeddable":true,"href":"https:\/\/edufisaludable.com\/en\/wp-json\/wp\/v2\/comments?post=4735"}],"version-history":[{"count":0,"href":"https:\/\/edufisaludable.com\/en\/wp-json\/wp\/v2\/pages\/4735\/revisions"}],"wp:attachment":[{"href":"https:\/\/edufisaludable.com\/en\/wp-json\/wp\/v2\/media?parent=4735"}],"curies":[{"name":"wp","href":"https:\/\/api.w.org\/{rel}","templated":true}]}}