{"id":3677,"date":"2021-11-11T13:19:40","date_gmt":"2021-11-11T12:19:40","guid":{"rendered":"https:\/\/edufisaludable.com\/about-us\/ismai\/"},"modified":"2021-11-11T16:03:33","modified_gmt":"2021-11-11T15:03:33","slug":"ismai","status":"publish","type":"page","link":"https:\/\/edufisaludable.com\/en\/about-us\/ismai\/","title":{"rendered":"ISMAI"},"content":{"rendered":"<p><div class=\"fusion-fullwidth fullwidth-box fusion-builder-row-1 fusion-flex-container nonhundred-percent-fullwidth non-hundred-percent-height-scrolling\" style=\"--awb-background-blend-mode:multiply;--awb-border-radius-top-left:0px;--awb-border-radius-top-right:0px;--awb-border-radius-bottom-right:0px;--awb-border-radius-bottom-left:0px;--awb-padding-top:20px;--awb-padding-bottom:20px;--awb-background-color:rgba(236,236,236,0.8);--awb-flex-wrap:wrap;\" ><div class=\"fusion-builder-row fusion-row fusion-flex-align-items-center fusion-flex-justify-content-space-between fusion-flex-content-wrap\" style=\"max-width:1310.4px;margin-left: calc(-4% \/ 2 );margin-right: calc(-4% \/ 2 );\"><div class=\"fusion-layout-column fusion_builder_column fusion-builder-column-0 fusion_builder_column_2_3 2_3 fusion-flex-column\" style=\"--awb-bg-size:cover;--awb-width-large:66.666666666667%;--awb-margin-top-large:0px;--awb-spacing-right-large:2.88%;--awb-margin-bottom-large:0px;--awb-spacing-left-large:2.88%;--awb-width-medium:66.666666666667%;--awb-order-medium:0;--awb-spacing-right-medium:2.88%;--awb-spacing-left-medium:2.88%;--awb-width-small:100%;--awb-order-small:0;--awb-spacing-right-small:1.92%;--awb-spacing-left-small:1.92%;\"><div class=\"fusion-column-wrapper fusion-column-has-shadow fusion-flex-justify-content-flex-start fusion-content-layout-column\"><div class=\"fusion-title title fusion-title-1 fusion-sep-none fusion-title-text fusion-title-size-one\" style=\"--awb-text-color:#333333;\"><h1 class=\"fusion-title-heading title-heading-left fusion-responsive-typography-calculated\" style=\"margin:0;--fontSize:60;line-height:1.16;\">ISMAI<\/h1><\/div><div class=\"fusion-separator\" style=\"align-self: flex-start;margin-right:auto;width:100%;max-width:120px;\"><div class=\"fusion-separator-border sep-single sep-solid\" style=\"--awb-height:20px;--awb-amount:20px;border-color:#8ab331;border-top-width:8px;\"><\/div><\/div><div class=\"fusion-title title fusion-title-2 fusion-sep-none fusion-title-text fusion-title-size-four\" style=\"--awb-text-color:#348350;--awb-margin-top:20px;\"><h4 class=\"fusion-title-heading title-heading-left fusion-responsive-typography-calculated\" style=\"margin:0;letter-spacing:2px;--fontSize:24;line-height:1.42;\">UNIVERSITY OF MAIA &#8211; ISMAI<\/h4><\/div><\/div><\/div><div class=\"fusion-layout-column fusion_builder_column fusion-builder-column-1 fusion_builder_column_1_3 1_3 fusion-flex-column\" style=\"--awb-padding-right:30px;--awb-padding-left:30px;--awb-bg-color:#ffffff;--awb-bg-color-hover:#ffffff;--awb-bg-size:cover;--awb-width-large:33.333333333333%;--awb-margin-top-large:20px;--awb-spacing-right-large:5.76%;--awb-margin-bottom-large:20px;--awb-spacing-left-large:5.76%;--awb-width-medium:33.333333333333%;--awb-order-medium:0;--awb-spacing-right-medium:5.76%;--awb-spacing-left-medium:5.76%;--awb-width-small:100%;--awb-order-small:0;--awb-spacing-right-small:1.92%;--awb-spacing-left-small:1.92%;\"><div class=\"fusion-column-wrapper fusion-column-has-shadow fusion-flex-justify-content-flex-start fusion-content-layout-column\"><div class=\"fusion-image-element \" style=\"--awb-caption-title-font-family:var(--h2_typography-font-family);--awb-caption-title-font-weight:var(--h2_typography-font-weight);--awb-caption-title-font-style:var(--h2_typography-font-style);--awb-caption-title-size:var(--h2_typography-font-size);--awb-caption-title-transform:var(--h2_typography-text-transform);--awb-caption-title-line-height:var(--h2_typography-line-height);--awb-caption-title-letter-spacing:var(--h2_typography-letter-spacing);\"><span class=\" fusion-imageframe imageframe-none imageframe-1 hover-type-none\" style=\"border-radius:12px;\"><img decoding=\"async\" width=\"360\" height=\"240\" title=\"ismai\" src=\"https:\/\/edufisaludable.com\/wp-content\/uploads\/2021\/11\/ismai.jpg\" data-orig-src=\"https:\/\/edufisaludable.com\/wp-content\/uploads\/2021\/11\/ismai.jpg\" alt class=\"lazyload img-responsive wp-image-3584\" srcset=\"data:image\/svg+xml,%3Csvg%20xmlns%3D%27http%3A%2F%2Fwww.w3.org%2F2000%2Fsvg%27%20width%3D%27360%27%20height%3D%27240%27%20viewBox%3D%270%200%20360%20240%27%3E%3Crect%20width%3D%27360%27%20height%3D%27240%27%20fill-opacity%3D%220%22%2F%3E%3C%2Fsvg%3E\" data-srcset=\"https:\/\/edufisaludable.com\/wp-content\/uploads\/2021\/11\/ismai-200x133.jpg 200w, https:\/\/edufisaludable.com\/wp-content\/uploads\/2021\/11\/ismai.jpg 360w\" data-sizes=\"auto\" data-orig-sizes=\"(max-width: 800px) 100vw, 360px\" \/><\/span><\/div><\/div><\/div><\/div><\/div><div class=\"fusion-fullwidth fullwidth-box fusion-builder-row-2 fusion-flex-container nonhundred-percent-fullwidth non-hundred-percent-height-scrolling\" style=\"--awb-border-radius-top-left:0px;--awb-border-radius-top-right:0px;--awb-border-radius-bottom-right:0px;--awb-border-radius-bottom-left:0px;--awb-padding-top:40px;--awb-padding-bottom:40px;--awb-flex-wrap:wrap;\" ><div class=\"fusion-builder-row fusion-row fusion-flex-align-items-flex-start fusion-flex-content-wrap\" style=\"max-width:1310.4px;margin-left: calc(-4% \/ 2 );margin-right: calc(-4% \/ 2 );\"><div class=\"fusion-layout-column fusion_builder_column fusion-builder-column-2 fusion_builder_column_1_1 1_1 fusion-flex-column titulo-con-icono\" style=\"--awb-bg-size:cover;--awb-width-large:100%;--awb-margin-top-large:20px;--awb-spacing-right-large:1.92%;--awb-margin-bottom-large:20px;--awb-spacing-left-large:1.92%;--awb-width-medium:100%;--awb-order-medium:0;--awb-spacing-right-medium:1.92%;--awb-spacing-left-medium:1.92%;--awb-width-small:100%;--awb-order-small:0;--awb-spacing-right-small:1.92%;--awb-spacing-left-small:1.92%;\"><div class=\"fusion-column-wrapper fusion-column-has-shadow fusion-flex-justify-content-flex-start fusion-content-layout-column\"><div class=\"fusion-title title fusion-title-3 fusion-sep-none fusion-title-text fusion-title-size-three\" style=\"--awb-margin-bottom:0px;\"><h3 class=\"fusion-title-heading title-heading-left fusion-responsive-typography-calculated\" style=\"margin:0;--fontSize:30;line-height:1.3;\"><img decoding=\"async\" class=\"lazyload alignnone size-full wp-image-2110\" src=\"https:\/\/edufisaludable.com\/wp-content\/uploads\/2021\/03\/edufisaludable-120px.png\" data-orig-src=\"https:\/\/edufisaludable.com\/wp-content\/uploads\/2021\/03\/edufisaludable-120px.png\" alt=\"\" width=\"50\" height=\"50\" srcset=\"data:image\/svg+xml,%3Csvg%20xmlns%3D%27http%3A%2F%2Fwww.w3.org%2F2000%2Fsvg%27%20width%3D%2750%27%20height%3D%2750%27%20viewBox%3D%270%200%2050%2050%27%3E%3Crect%20width%3D%2750%27%20height%3D%2750%27%20fill-opacity%3D%220%22%2F%3E%3C%2Fsvg%3E\" data-srcset=\"https:\/\/edufisaludable.com\/wp-content\/uploads\/2021\/03\/edufisaludable-120px-66x66.png 66w, https:\/\/edufisaludable.com\/wp-content\/uploads\/2021\/03\/edufisaludable-120px.png 120w\" data-sizes=\"auto\" data-orig-sizes=\"(max-width: 50px) 100vw, 50px\" \/>Research Team<\/h3><\/div><div class=\"fusion-separator separador-titulo-con-icono\" style=\"align-self: flex-start;margin-right:auto;width:100%;max-width:120px;\"><div class=\"fusion-separator-border sep-single sep-solid\" style=\"--awb-height:20px;--awb-amount:20px;border-color:#8ab331;border-top-width:8px;\"><\/div><\/div><\/div><\/div><div class=\"fusion-layout-column fusion_builder_column fusion-builder-column-3 fusion_builder_column_1_2 1_2 fusion-flex-column investigador-grupo\" style=\"--awb-bg-size:cover;--awb-width-large:50%;--awb-margin-top-large:20px;--awb-spacing-right-large:3.84%;--awb-margin-bottom-large:20px;--awb-spacing-left-large:3.84%;--awb-width-medium:50%;--awb-order-medium:0;--awb-spacing-right-medium:3.84%;--awb-spacing-left-medium:3.84%;--awb-width-small:100%;--awb-order-small:0;--awb-spacing-right-small:1.92%;--awb-spacing-left-small:1.92%;\"><div class=\"fusion-column-wrapper fusion-column-has-shadow fusion-flex-justify-content-flex-start fusion-content-layout-column\"><div class=\"fusion-builder-row fusion-builder-row-inner fusion-row fusion-flex-align-items-flex-start fusion-flex-content-wrap\" style=\"width:104% !important;max-width:104% !important;margin-left: calc(-4% \/ 2 );margin-right: calc(-4% \/ 2 );\"><div class=\"fusion-layout-column fusion_builder_column_inner fusion-builder-nested-column-0 fusion_builder_column_inner_1_3 1_3 fusion-flex-column\" style=\"--awb-overflow:hidden;--awb-bg-size:cover;--awb-border-radius:0px 0px 50px 0px;--awb-width-large:33.333333333333%;--awb-margin-top-large:20px;--awb-spacing-right-large:5.76%;--awb-margin-bottom-large:20px;--awb-spacing-left-large:5.76%;--awb-width-medium:33.333333333333%;--awb-order-medium:0;--awb-spacing-right-medium:5.76%;--awb-spacing-left-medium:5.76%;--awb-width-small:33.333333333333%;--awb-order-small:0;--awb-spacing-right-small:5.76%;--awb-spacing-left-small:5.76%;\"><div class=\"fusion-column-wrapper fusion-column-has-shadow fusion-flex-justify-content-flex-start fusion-content-layout-column\"><div class=\"fusion-image-element \" style=\"--awb-caption-title-font-family:var(--h2_typography-font-family);--awb-caption-title-font-weight:var(--h2_typography-font-weight);--awb-caption-title-font-style:var(--h2_typography-font-style);--awb-caption-title-size:var(--h2_typography-font-size);--awb-caption-title-transform:var(--h2_typography-text-transform);--awb-caption-title-line-height:var(--h2_typography-line-height);--awb-caption-title-letter-spacing:var(--h2_typography-letter-spacing);\"><span class=\" fusion-imageframe imageframe-none imageframe-2 hover-type-none\" style=\"border-radius:12px;\"><img decoding=\"async\" width=\"200\" height=\"200\" title=\"Rui Ara\u00fajo\" src=\"data:image\/svg+xml,%3Csvg%20xmlns%3D%27http%3A%2F%2Fwww.w3.org%2F2000%2Fsvg%27%20width%3D%27200%27%20height%3D%27200%27%20viewBox%3D%270%200%20200%20200%27%3E%3Crect%20width%3D%27200%27%20height%3D%27200%27%20fill-opacity%3D%220%22%2F%3E%3C%2Fsvg%3E\" data-orig-src=\"https:\/\/edufisaludable.com\/wp-content\/uploads\/2021\/11\/Rui-Araujo.jpg\" alt class=\"lazyload img-responsive wp-image-3522\"\/><\/span><\/div><\/div><\/div><div class=\"fusion-layout-column fusion_builder_column_inner fusion-builder-nested-column-1 fusion_builder_column_inner_2_3 2_3 fusion-flex-column\" style=\"--awb-bg-size:cover;--awb-width-large:66.666666666667%;--awb-margin-top-large:20px;--awb-spacing-right-large:2.88%;--awb-margin-bottom-large:20px;--awb-spacing-left-large:2.88%;--awb-width-medium:66.666666666667%;--awb-order-medium:0;--awb-spacing-right-medium:2.88%;--awb-spacing-left-medium:2.88%;--awb-width-small:66.666666666667%;--awb-order-small:0;--awb-spacing-right-small:2.88%;--awb-spacing-left-small:2.88%;\"><div class=\"fusion-column-wrapper fusion-column-has-shadow fusion-flex-justify-content-space-between fusion-content-layout-column\"><div class=\"fusion-title title fusion-title-4 fusion-sep-none fusion-title-text fusion-title-size-three\" style=\"--awb-margin-bottom:15px;--awb-font-size:22px;\"><h3 class=\"fusion-title-heading title-heading-left fusion-responsive-typography-calculated\" style=\"margin:0;font-size:1em;--fontSize:22;--minFontSize:22;line-height:1.3;\">Rui Ara\u00fajo<\/h3><\/div><div class=\"fusion-separator\" style=\"align-self: flex-start;margin-right:auto;margin-bottom:20PX;width:100%;max-width:120px;\"><div class=\"fusion-separator-border sep-single sep-solid\" style=\"--awb-height:20px;--awb-amount:20px;--awb-sep-color:#ececec;border-color:#ececec;border-top-width:8px;\"><\/div><\/div><div class=\"fusion-text fusion-text-1\"><p>University of Maia &#8211; ISMAI<\/p>\n<\/div><div class=\"fusion-image-carousel fusion-image-carousel-auto fusion-image-carousel-1 equipo-red-social\"><div class=\"awb-carousel awb-swiper awb-swiper-carousel awb-carousel--carousel awb-swiper-dots-position-bottom\" data-layout=\"carousel\" data-autoplay=\"no\" data-autoplayspeed=\"2500\" data-autoplaypause=\"no\" data-columns=\"4\" data-columnsmedium=\"1\" data-columnssmall=\"1\" data-itemmargin=\"10\" data-itemwidth=\"180\" data-touchscroll=\"no\" data-freemode=\"no\" data-imagesize=\"auto\" data-scrollitems=\"0\" data-centeredslides=\"no\" data-rotationangle=\"50\" data-depth=\"100\" data-speed=\"500\" data-shadow=\"no\" data-pagination=\"bullets\" style=\"--awb-columns:4;--awb-column-spacing:10px;\"><div class=\"swiper-wrapper awb-image-carousel-wrapper fusion-flex-align-items-center\"><div class=\"swiper-slide\"><div class=\"fusion-carousel-item-wrapper\"><div class=\"fusion-image-wrapper hover-type-none\"><a href=\"https:\/\/orcid.org\/0000-0001-5748-821X\" target=\"_blank\" rel=\"noopener noreferrer\"><img decoding=\"async\" width=\"60\" height=\"60\" src=\"data:image\/svg+xml,%3Csvg%20xmlns%3D%27http%3A%2F%2Fwww.w3.org%2F2000%2Fsvg%27%20width%3D%2760%27%20height%3D%2760%27%20viewBox%3D%270%200%2060%2060%27%3E%3Crect%20width%3D%2760%27%20height%3D%2760%27%20fill-opacity%3D%220%22%2F%3E%3C%2Fsvg%3E\" class=\"attachment-full size-full lazyload\" alt=\"\" data-orig-src=\"https:\/\/edufisaludable.com\/wp-content\/uploads\/2021\/03\/orcid.png\" \/><\/a><\/div><\/div><\/div><div class=\"swiper-slide\"><div class=\"fusion-carousel-item-wrapper\"><div class=\"fusion-image-wrapper hover-type-none\"><a href=\"https:\/\/www.researchgate.net\/profile\/Rui-Araujo-2\" target=\"_blank\" rel=\"noopener noreferrer\"><img decoding=\"async\" width=\"60\" height=\"60\" src=\"data:image\/svg+xml,%3Csvg%20xmlns%3D%27http%3A%2F%2Fwww.w3.org%2F2000%2Fsvg%27%20width%3D%2760%27%20height%3D%2760%27%20viewBox%3D%270%200%2060%2060%27%3E%3Crect%20width%3D%2760%27%20height%3D%2760%27%20fill-opacity%3D%220%22%2F%3E%3C%2Fsvg%3E\" class=\"attachment-full size-full lazyload\" alt=\"\" data-orig-src=\"https:\/\/edufisaludable.com\/wp-content\/uploads\/2021\/03\/research-icon.png\" \/><\/a><\/div><\/div><\/div><div class=\"swiper-slide\"><div class=\"fusion-carousel-item-wrapper\"><div class=\"fusion-image-wrapper hover-type-none\"><a href=\"https:\/\/publons.com\/researcher\/1653382\/rui-araujo\/\" target=\"_blank\" rel=\"noopener noreferrer\"><img decoding=\"async\" width=\"60\" height=\"60\" src=\"data:image\/svg+xml,%3Csvg%20xmlns%3D%27http%3A%2F%2Fwww.w3.org%2F2000%2Fsvg%27%20width%3D%2760%27%20height%3D%2760%27%20viewBox%3D%270%200%2060%2060%27%3E%3Crect%20width%3D%2760%27%20height%3D%2760%27%20fill-opacity%3D%220%22%2F%3E%3C%2Fsvg%3E\" class=\"attachment-full size-full lazyload\" alt=\"\" data-orig-src=\"https:\/\/edufisaludable.com\/wp-content\/uploads\/2021\/03\/publons-icon.png\" \/><\/a><\/div><\/div><\/div><div class=\"swiper-slide\"><div class=\"fusion-carousel-item-wrapper\"><div class=\"fusion-image-wrapper hover-type-none\"><a href=\"https:\/\/twitter.com\/RuiMFAraujo\" target=\"_blank\" rel=\"noopener noreferrer\"><img decoding=\"async\" width=\"60\" height=\"60\" src=\"data:image\/svg+xml,%3Csvg%20xmlns%3D%27http%3A%2F%2Fwww.w3.org%2F2000%2Fsvg%27%20width%3D%2760%27%20height%3D%2760%27%20viewBox%3D%270%200%2060%2060%27%3E%3Crect%20width%3D%2760%27%20height%3D%2760%27%20fill-opacity%3D%220%22%2F%3E%3C%2Fsvg%3E\" class=\"attachment-full size-full lazyload\" alt=\"\" data-orig-src=\"https:\/\/edufisaludable.com\/wp-content\/uploads\/2021\/03\/twitter-icon.png\" \/><\/a><\/div><\/div><\/div><\/div><\/div><\/div><\/div><\/div><\/div><\/div><\/div><\/div><\/div><div class=\"fusion-fullwidth fullwidth-box fusion-builder-row-3 fusion-flex-container nonhundred-percent-fullwidth non-hundred-percent-height-scrolling\" style=\"--awb-border-color:#348350;--awb-border-radius-top-left:0px;--awb-border-radius-top-right:0px;--awb-border-radius-bottom-right:0px;--awb-border-radius-bottom-left:0px;--awb-padding-top:0px;--awb-padding-bottom:0px;--awb-flex-wrap:wrap;\" ><div class=\"fusion-builder-row fusion-row fusion-flex-align-items-center fusion-flex-justify-content-center fusion-flex-content-wrap\" style=\"max-width:1310.4px;margin-left: calc(-4% \/ 2 );margin-right: calc(-4% \/ 2 );\"><div class=\"fusion-layout-column fusion_builder_column fusion-builder-column-4 fusion_builder_column_1_1 1_1 fusion-flex-column\" style=\"--awb-padding-top:20px;--awb-padding-bottom:20px;--awb-bg-size:cover;--awb-border-color:#ececec;--awb-border-top:4px;--awb-border-bottom:4px;--awb-border-style:solid;--awb-width-large:100%;--awb-margin-top-large:20px;--awb-spacing-right-large:1.92%;--awb-margin-bottom-large:20px;--awb-spacing-left-large:1.92%;--awb-width-medium:100%;--awb-order-medium:0;--awb-spacing-right-medium:1.92%;--awb-spacing-left-medium:1.92%;--awb-width-small:100%;--awb-order-small:0;--awb-spacing-right-small:1.92%;--awb-spacing-left-small:1.92%;\"><div class=\"fusion-column-wrapper fusion-column-has-shadow fusion-flex-justify-content-flex-start fusion-content-layout-column\"><div style=\"text-align:center;\"><a class=\"fusion-button button-flat fusion-button-default-size button-default fusion-button-default button-1 fusion-button-default-span fusion-button-default-type\" target=\"_self\" href=\"https:\/\/edufisaludable.com\/en\/about-us\/\"><i class=\"icon-accountant-customers awb-button__icon awb-button__icon--default button-icon-left\" aria-hidden=\"true\"><\/i><span class=\"fusion-button-text awb-button__text awb-button__text--default\">See other groups<\/span><\/a><\/div><\/div><\/div><\/div><\/div>\n<\/p>\n","protected":false},"excerpt":{"rendered":"","protected":false},"author":1,"featured_media":0,"parent":2728,"menu_order":0,"comment_status":"closed","ping_status":"closed","template":"100-width.php","meta":{"footnotes":""},"class_list":["post-3677","page","type-page","status-publish","hentry"],"yoast_head":"<!-- This site is optimized with the Yoast SEO plugin v26.8 - https:\/\/yoast.com\/product\/yoast-seo-wordpress\/ -->\n<title>ISMAI - Edufisaludable<\/title>\n<meta name=\"robots\" content=\"index, follow, max-snippet:-1, max-image-preview:large, max-video-preview:-1\" \/>\n<link rel=\"canonical\" href=\"https:\/\/edufisaludable.com\/quienes-somos\/ismai\/\" \/>\n<meta property=\"og:locale\" content=\"en_US\" \/>\n<meta property=\"og:type\" content=\"article\" \/>\n<meta property=\"og:title\" content=\"ISMAI - Edufisaludable\" \/>\n<meta property=\"og:url\" content=\"https:\/\/edufisaludable.com\/quienes-somos\/ismai\/\" \/>\n<meta property=\"og:site_name\" content=\"Edufisaludable\" \/>\n<meta property=\"article:modified_time\" content=\"2021-11-11T15:03:33+00:00\" \/>\n<meta property=\"og:image\" content=\"https:\/\/edufisaludable.com\/wp-content\/uploads\/2021\/03\/edufisaludable-120px.png\" \/>\n<meta name=\"twitter:card\" content=\"summary_large_image\" \/>\n<meta name=\"twitter:label1\" content=\"Est. reading time\" \/>\n\t<meta name=\"twitter:data1\" content=\"17 minutes\" \/>\n<script type=\"application\/ld+json\" class=\"yoast-schema-graph\">{\"@context\":\"https:\/\/schema.org\",\"@graph\":[{\"@type\":\"WebPage\",\"@id\":\"https:\/\/edufisaludable.com\/quienes-somos\/ismai\/\",\"url\":\"https:\/\/edufisaludable.com\/quienes-somos\/ismai\/\",\"name\":\"ISMAI - Edufisaludable\",\"isPartOf\":{\"@id\":\"https:\/\/edufisaludable.com\/#website\"},\"primaryImageOfPage\":{\"@id\":\"https:\/\/edufisaludable.com\/quienes-somos\/ismai\/#primaryimage\"},\"image\":{\"@id\":\"https:\/\/edufisaludable.com\/quienes-somos\/ismai\/#primaryimage\"},\"thumbnailUrl\":\"https:\/\/edufisaludable.com\/wp-content\/uploads\/2021\/03\/edufisaludable-120px.png\",\"datePublished\":\"2021-11-11T12:19:40+00:00\",\"dateModified\":\"2021-11-11T15:03:33+00:00\",\"breadcrumb\":{\"@id\":\"https:\/\/edufisaludable.com\/quienes-somos\/ismai\/#breadcrumb\"},\"inLanguage\":\"en-US\",\"potentialAction\":[{\"@type\":\"ReadAction\",\"target\":[\"https:\/\/edufisaludable.com\/quienes-somos\/ismai\/\"]}]},{\"@type\":\"ImageObject\",\"inLanguage\":\"en-US\",\"@id\":\"https:\/\/edufisaludable.com\/quienes-somos\/ismai\/#primaryimage\",\"url\":\"https:\/\/edufisaludable.com\/wp-content\/uploads\/2021\/03\/edufisaludable-120px.png\",\"contentUrl\":\"https:\/\/edufisaludable.com\/wp-content\/uploads\/2021\/03\/edufisaludable-120px.png\"},{\"@type\":\"BreadcrumbList\",\"@id\":\"https:\/\/edufisaludable.com\/quienes-somos\/ismai\/#breadcrumb\",\"itemListElement\":[{\"@type\":\"ListItem\",\"position\":1,\"name\":\"Portada\",\"item\":\"https:\/\/edufisaludable.com\/en\/\"},{\"@type\":\"ListItem\",\"position\":2,\"name\":\"About us\",\"item\":\"https:\/\/edufisaludable.com\/en\/about-us\/\"},{\"@type\":\"ListItem\",\"position\":3,\"name\":\"ISMAI\"}]},{\"@type\":\"WebSite\",\"@id\":\"https:\/\/edufisaludable.com\/#website\",\"url\":\"https:\/\/edufisaludable.com\/\",\"name\":\"Edufisaludable\",\"description\":\"Red Internacional de Investigaci\u00f3n en Educaci\u00f3n F\u00edsica y Promoci\u00f3n de H\u00e1bitos Saludables.\",\"potentialAction\":[{\"@type\":\"SearchAction\",\"target\":{\"@type\":\"EntryPoint\",\"urlTemplate\":\"https:\/\/edufisaludable.com\/?s={search_term_string}\"},\"query-input\":{\"@type\":\"PropertyValueSpecification\",\"valueRequired\":true,\"valueName\":\"search_term_string\"}}],\"inLanguage\":\"en-US\"}]}<\/script>\n<!-- \/ Yoast SEO plugin. -->","yoast_head_json":{"title":"ISMAI - Edufisaludable","robots":{"index":"index","follow":"follow","max-snippet":"max-snippet:-1","max-image-preview":"max-image-preview:large","max-video-preview":"max-video-preview:-1"},"canonical":"https:\/\/edufisaludable.com\/quienes-somos\/ismai\/","og_locale":"en_US","og_type":"article","og_title":"ISMAI - Edufisaludable","og_url":"https:\/\/edufisaludable.com\/quienes-somos\/ismai\/","og_site_name":"Edufisaludable","article_modified_time":"2021-11-11T15:03:33+00:00","og_image":[{"url":"https:\/\/edufisaludable.com\/wp-content\/uploads\/2021\/03\/edufisaludable-120px.png","type":"","width":"","height":""}],"twitter_card":"summary_large_image","twitter_misc":{"Est. reading time":"17 minutes"},"schema":{"@context":"https:\/\/schema.org","@graph":[{"@type":"WebPage","@id":"https:\/\/edufisaludable.com\/quienes-somos\/ismai\/","url":"https:\/\/edufisaludable.com\/quienes-somos\/ismai\/","name":"ISMAI - Edufisaludable","isPartOf":{"@id":"https:\/\/edufisaludable.com\/#website"},"primaryImageOfPage":{"@id":"https:\/\/edufisaludable.com\/quienes-somos\/ismai\/#primaryimage"},"image":{"@id":"https:\/\/edufisaludable.com\/quienes-somos\/ismai\/#primaryimage"},"thumbnailUrl":"https:\/\/edufisaludable.com\/wp-content\/uploads\/2021\/03\/edufisaludable-120px.png","datePublished":"2021-11-11T12:19:40+00:00","dateModified":"2021-11-11T15:03:33+00:00","breadcrumb":{"@id":"https:\/\/edufisaludable.com\/quienes-somos\/ismai\/#breadcrumb"},"inLanguage":"en-US","potentialAction":[{"@type":"ReadAction","target":["https:\/\/edufisaludable.com\/quienes-somos\/ismai\/"]}]},{"@type":"ImageObject","inLanguage":"en-US","@id":"https:\/\/edufisaludable.com\/quienes-somos\/ismai\/#primaryimage","url":"https:\/\/edufisaludable.com\/wp-content\/uploads\/2021\/03\/edufisaludable-120px.png","contentUrl":"https:\/\/edufisaludable.com\/wp-content\/uploads\/2021\/03\/edufisaludable-120px.png"},{"@type":"BreadcrumbList","@id":"https:\/\/edufisaludable.com\/quienes-somos\/ismai\/#breadcrumb","itemListElement":[{"@type":"ListItem","position":1,"name":"Portada","item":"https:\/\/edufisaludable.com\/en\/"},{"@type":"ListItem","position":2,"name":"About us","item":"https:\/\/edufisaludable.com\/en\/about-us\/"},{"@type":"ListItem","position":3,"name":"ISMAI"}]},{"@type":"WebSite","@id":"https:\/\/edufisaludable.com\/#website","url":"https:\/\/edufisaludable.com\/","name":"Edufisaludable","description":"Red Internacional de Investigaci\u00f3n en Educaci\u00f3n F\u00edsica y Promoci\u00f3n de H\u00e1bitos Saludables.","potentialAction":[{"@type":"SearchAction","target":{"@type":"EntryPoint","urlTemplate":"https:\/\/edufisaludable.com\/?s={search_term_string}"},"query-input":{"@type":"PropertyValueSpecification","valueRequired":true,"valueName":"search_term_string"}}],"inLanguage":"en-US"}]}},"_links":{"self":[{"href":"https:\/\/edufisaludable.com\/en\/wp-json\/wp\/v2\/pages\/3677","targetHints":{"allow":["GET"]}}],"collection":[{"href":"https:\/\/edufisaludable.com\/en\/wp-json\/wp\/v2\/pages"}],"about":[{"href":"https:\/\/edufisaludable.com\/en\/wp-json\/wp\/v2\/types\/page"}],"author":[{"embeddable":true,"href":"https:\/\/edufisaludable.com\/en\/wp-json\/wp\/v2\/users\/1"}],"replies":[{"embeddable":true,"href":"https:\/\/edufisaludable.com\/en\/wp-json\/wp\/v2\/comments?post=3677"}],"version-history":[{"count":2,"href":"https:\/\/edufisaludable.com\/en\/wp-json\/wp\/v2\/pages\/3677\/revisions"}],"predecessor-version":[{"id":3714,"href":"https:\/\/edufisaludable.com\/en\/wp-json\/wp\/v2\/pages\/3677\/revisions\/3714"}],"up":[{"embeddable":true,"href":"https:\/\/edufisaludable.com\/en\/wp-json\/wp\/v2\/pages\/2728"}],"wp:attachment":[{"href":"https:\/\/edufisaludable.com\/en\/wp-json\/wp\/v2\/media?parent=3677"}],"curies":[{"name":"wp","href":"https:\/\/api.w.org\/{rel}","templated":true}]}}