{"id":2733,"date":"2021-03-26T15:21:47","date_gmt":"2021-03-26T14:21:47","guid":{"rendered":"https:\/\/edufisaludable.com\/politica-de-cookies\/"},"modified":"2021-03-31T16:04:21","modified_gmt":"2021-03-31T14:04:21","slug":"cookies-policy","status":"publish","type":"page","link":"https:\/\/edufisaludable.com\/en\/cookies-policy\/","title":{"rendered":"Cookies policy"},"content":{"rendered":"<p><div class=\"fusion-fullwidth fullwidth-box fusion-builder-row-1 fusion-flex-container nonhundred-percent-fullwidth non-hundred-percent-height-scrolling\" style=\"--awb-background-blend-mode:multiply;--awb-border-radius-top-left:0px;--awb-border-radius-top-right:0px;--awb-border-radius-bottom-right:0px;--awb-border-radius-bottom-left:0px;--awb-padding-top:20px;--awb-padding-bottom:20px;--awb-background-color:rgba(236,236,236,0.8);--awb-flex-wrap:wrap;\" ><div class=\"fusion-builder-row fusion-row fusion-flex-align-items-center fusion-flex-justify-content-space-between fusion-flex-content-wrap\" style=\"max-width:1310.4px;margin-left: calc(-4% \/ 2 );margin-right: calc(-4% \/ 2 );\"><div class=\"fusion-layout-column fusion_builder_column fusion-builder-column-0 fusion_builder_column_1_1 1_1 fusion-flex-column\" style=\"--awb-bg-size:cover;--awb-width-large:100%;--awb-margin-top-large:20px;--awb-spacing-right-large:1.92%;--awb-margin-bottom-large:20px;--awb-spacing-left-large:1.92%;--awb-width-medium:100%;--awb-order-medium:0;--awb-spacing-right-medium:1.92%;--awb-spacing-left-medium:1.92%;--awb-width-small:100%;--awb-order-small:0;--awb-spacing-right-small:1.92%;--awb-spacing-left-small:1.92%;\"><div class=\"fusion-column-wrapper fusion-column-has-shadow fusion-flex-justify-content-flex-start fusion-content-layout-column\"><div class=\"fusion-title title fusion-title-1 fusion-sep-none fusion-title-text fusion-title-size-two\" style=\"--awb-text-color:#333333;\"><h2 class=\"fusion-title-heading title-heading-left fusion-responsive-typography-calculated\" style=\"margin:0;--fontSize:36;line-height:1.2;\">Cookies policy<\/h2><\/div><div class=\"fusion-separator\" style=\"align-self: flex-start;margin-right:auto;width:100%;max-width:120px;\"><div class=\"fusion-separator-border sep-single sep-solid\" style=\"--awb-height:20px;--awb-amount:20px;border-color:#8ab331;border-top-width:8px;\"><\/div><\/div><\/div><\/div><\/div><\/div><div class=\"fusion-fullwidth fullwidth-box fusion-builder-row-2 fusion-flex-container nonhundred-percent-fullwidth non-hundred-percent-height-scrolling\" style=\"--awb-border-radius-top-left:0px;--awb-border-radius-top-right:0px;--awb-border-radius-bottom-right:0px;--awb-border-radius-bottom-left:0px;--awb-flex-wrap:wrap;\" ><div class=\"fusion-builder-row fusion-row fusion-flex-align-items-flex-start fusion-flex-justify-content-center fusion-flex-content-wrap\" style=\"max-width:1310.4px;margin-left: calc(-4% \/ 2 );margin-right: calc(-4% \/ 2 );\"><div class=\"fusion-layout-column fusion_builder_column fusion-builder-column-1 fusion_builder_column_4_5 4_5 fusion-flex-column\" style=\"--awb-bg-size:cover;--awb-width-large:80%;--awb-margin-top-large:20px;--awb-spacing-right-large:2.4%;--awb-margin-bottom-large:20px;--awb-spacing-left-large:2.4%;--awb-width-medium:80%;--awb-order-medium:0;--awb-spacing-right-medium:2.4%;--awb-spacing-left-medium:2.4%;--awb-width-small:100%;--awb-order-small:0;--awb-spacing-right-small:1.92%;--awb-spacing-left-small:1.92%;\"><div class=\"fusion-column-wrapper fusion-column-has-shadow fusion-flex-justify-content-flex-start fusion-content-layout-column\"><div class=\"fusion-text fusion-text-1\"><p>INFORMATION ABOUT COOKIES<\/p>\n<p>Due to the entry into force of the reference modification of the &#8220;Law of Services of the Information Society&#8221; (LSSICE) established by Royal Decree 13\/2012, it is mandatory to obtain the express consent of the user of all web pages that use dispensable cookies, before the user navigates through them.<\/p>\n<p>WHAT ARE COOKIES?<\/p>\n<p>Cookies and other similar technologies such as local shared objects, flash cookies or pixels, are tools used by Web servers to store and retrieve information about their visitors, as well as to offer a correct operation of the site.<br \/>\nBy using these devices, the Web server is allowed to remember some data concerning the user, such as their preferences for viewing the pages of that server, name and password, products that interest them most, etc.<\/p>\n<p>COOKIES AFFECTED BY THE REGULATIONS AND EXCEPTED COOKIES<\/p>\n<p>According to the EU directive, the cookies that require the informed consent of the user are analytical cookies and those for advertising and affiliation, excepting those of a technical nature and those necessary for the operation of the website or the provision of services. expressly requested by the user.<\/p>\n<p>WHAT TYPES OF COOKIES ARE THERE?<\/p>\n<p>Regarding the types of cookies, there are five large groups:<\/p>\n<p>Analytical cookies: they collect information on the use made of the website.<br \/>\nSocial cookies: are those necessary for external social networks.<br \/>\nAffiliate cookies: they allow you to track visits from other websites, with which the website establishes an affiliation contract (affiliate companies).<br \/>\nAdvertising and behavioral cookies: they collect information about the user&#8217;s preferences and personal choices (retargeting).<br \/>\nTechnical and functional cookies: they are strictly necessary for the use of the website and for the provision of the contracted service.<\/p>\n<p>COOKIES USED ON THIS WEBSITE<\/p>\n<p>The cookies used on our website are grouped into the following categories.<\/p>\n<p>Necessary<\/p>\n<p>Necessary cookies are absolutely essential for the website to function properly. This category only includes cookies that guarantee basic functionalities and security features of the website. These cookies do not store any personal information.<\/p>\n<p>[cookie_audit_category columns = &#8220;cookie, description&#8221;]<\/p>\n<p>REVOCATION OF CONSENT TO INSTALL COOKIES HOW TO DELETE COOKIES FROM THE BROWSER<\/p>\n<p>Chrome<\/p>\n<p>Select the Tools icon<br \/>\nClick on Settings.<br \/>\nClick Show Options<br \/>\nIn the &#8220;Privacy&#8221; section, click on Settings<br \/>\nDelete cookies: Click on All cookies and site data &#8230;<br \/>\nDo not allow them to be stored<br \/>\nClick Clear browsing data (empty Cache).<br \/>\nClose and restart the browser<\/p>\n<p>For more information about Chrome, click here: http:\/\/support.google.com\/chrome\/answer\/95647?hl=es<\/p>\n<p>Internet Explorer. Version 11<\/p>\n<p>Select Tools | Options<br \/>\nClick on the tab<br \/>\nIn the &#8220;Browsing history&#8221; section, click Delete browsing history when<br \/>\nSelect Delete<br \/>\nSelect Delete<br \/>\nClick on<br \/>\nClick on<br \/>\nClose and restart the<\/p>\n<p>For more information about Internet Explorer, click here: http:\/\/windows.microsoft.com\/es-419\/windows7\/how-to-manage-cookies-in-internet-explorer-9<\/p>\n<p>Firefox. Version 18<\/p>\n<p>Select Firefox | History | Clear history<br \/>\nNext to &#8220;Details&#8221;, click the arrow pointing<br \/>\nSelect the following check boxes: Cookies, Cache, Active session starts<br \/>\nUsing the &#8220;Time interval to erase&#8221; in the drop-down menu, select<br \/>\nClick Delete<br \/>\nClose and restart the browser<\/p>\n<p>You can accept or reject cookies individually in Firefox Preferences, in the History section available in Tools&gt; Options&gt; Privacy.<\/p>\n<p>For more information about Mozilla Firefox, click here: https:\/\/www.mozilla.org\/es-ES\/privacy\/websites\/#cookies<\/p>\n<p>Safari Version 5.1<\/p>\n<p>Select the Safari \/ Edit icon | Restore<br \/>\nSelect the following check boxes: Clear history, Delete all website data<br \/>\nClick on<br \/>\nClose and restart the<\/p>\n<p>For more information about Safari click here: http:\/\/support.apple.com\/kb\/PH5042<\/p>\n<p>Opera<\/p>\n<p>Options &#8211; Advanced &#8211; Cookies.<\/p>\n<p>The cookie options control the way in which Opera handles them and therefore their acceptance or rejection. For more information about Opera, click here: http:\/\/help.opera.com\/Linux\/10.60\/es-ES\/cookies.html<\/p>\n<p>Other browsers<\/p>\n<p>Consult the documentation of the browser you have installed.<\/p>\n<\/div><\/div><\/div><\/div><\/div><\/p>\n","protected":false},"excerpt":{"rendered":"","protected":false},"author":1,"featured_media":0,"parent":0,"menu_order":0,"comment_status":"closed","ping_status":"closed","template":"100-width.php","meta":{"footnotes":""},"class_list":["post-2733","page","type-page","status-publish","hentry"],"yoast_head":"<!-- This site is optimized with the Yoast SEO plugin v26.8 - https:\/\/yoast.com\/product\/yoast-seo-wordpress\/ -->\n<title>Cookies policy - Edufisaludable<\/title>\n<meta name=\"robots\" content=\"index, follow, max-snippet:-1, max-image-preview:large, max-video-preview:-1\" \/>\n<link rel=\"canonical\" href=\"https:\/\/edufisaludable.com\/en\/cookies-policy\/\" \/>\n<meta property=\"og:locale\" content=\"en_US\" \/>\n<meta property=\"og:type\" content=\"article\" \/>\n<meta property=\"og:title\" content=\"Cookies policy - Edufisaludable\" \/>\n<meta property=\"og:url\" content=\"https:\/\/edufisaludable.com\/en\/cookies-policy\/\" \/>\n<meta property=\"og:site_name\" content=\"Edufisaludable\" \/>\n<meta property=\"article:modified_time\" content=\"2021-03-31T14:04:21+00:00\" \/>\n<meta name=\"twitter:card\" content=\"summary_large_image\" \/>\n<meta name=\"twitter:label1\" content=\"Est. reading time\" \/>\n\t<meta name=\"twitter:data1\" content=\"5 minutes\" \/>\n<script type=\"application\/ld+json\" class=\"yoast-schema-graph\">{\"@context\":\"https:\/\/schema.org\",\"@graph\":[{\"@type\":\"WebPage\",\"@id\":\"https:\/\/edufisaludable.com\/en\/cookies-policy\/\",\"url\":\"https:\/\/edufisaludable.com\/en\/cookies-policy\/\",\"name\":\"Cookies policy - Edufisaludable\",\"isPartOf\":{\"@id\":\"https:\/\/edufisaludable.com\/#website\"},\"datePublished\":\"2021-03-26T14:21:47+00:00\",\"dateModified\":\"2021-03-31T14:04:21+00:00\",\"breadcrumb\":{\"@id\":\"https:\/\/edufisaludable.com\/en\/cookies-policy\/#breadcrumb\"},\"inLanguage\":\"en-US\",\"potentialAction\":[{\"@type\":\"ReadAction\",\"target\":[\"https:\/\/edufisaludable.com\/en\/cookies-policy\/\"]}]},{\"@type\":\"BreadcrumbList\",\"@id\":\"https:\/\/edufisaludable.com\/en\/cookies-policy\/#breadcrumb\",\"itemListElement\":[{\"@type\":\"ListItem\",\"position\":1,\"name\":\"Portada\",\"item\":\"https:\/\/edufisaludable.com\/en\/\"},{\"@type\":\"ListItem\",\"position\":2,\"name\":\"Cookies policy\"}]},{\"@type\":\"WebSite\",\"@id\":\"https:\/\/edufisaludable.com\/#website\",\"url\":\"https:\/\/edufisaludable.com\/\",\"name\":\"Edufisaludable\",\"description\":\"Red Internacional de Investigaci\u00f3n en Educaci\u00f3n F\u00edsica y Promoci\u00f3n de H\u00e1bitos Saludables.\",\"potentialAction\":[{\"@type\":\"SearchAction\",\"target\":{\"@type\":\"EntryPoint\",\"urlTemplate\":\"https:\/\/edufisaludable.com\/?s={search_term_string}\"},\"query-input\":{\"@type\":\"PropertyValueSpecification\",\"valueRequired\":true,\"valueName\":\"search_term_string\"}}],\"inLanguage\":\"en-US\"}]}<\/script>\n<!-- \/ Yoast SEO plugin. -->","yoast_head_json":{"title":"Cookies policy - Edufisaludable","robots":{"index":"index","follow":"follow","max-snippet":"max-snippet:-1","max-image-preview":"max-image-preview:large","max-video-preview":"max-video-preview:-1"},"canonical":"https:\/\/edufisaludable.com\/en\/cookies-policy\/","og_locale":"en_US","og_type":"article","og_title":"Cookies policy - Edufisaludable","og_url":"https:\/\/edufisaludable.com\/en\/cookies-policy\/","og_site_name":"Edufisaludable","article_modified_time":"2021-03-31T14:04:21+00:00","twitter_card":"summary_large_image","twitter_misc":{"Est. reading time":"5 minutes"},"schema":{"@context":"https:\/\/schema.org","@graph":[{"@type":"WebPage","@id":"https:\/\/edufisaludable.com\/en\/cookies-policy\/","url":"https:\/\/edufisaludable.com\/en\/cookies-policy\/","name":"Cookies policy - Edufisaludable","isPartOf":{"@id":"https:\/\/edufisaludable.com\/#website"},"datePublished":"2021-03-26T14:21:47+00:00","dateModified":"2021-03-31T14:04:21+00:00","breadcrumb":{"@id":"https:\/\/edufisaludable.com\/en\/cookies-policy\/#breadcrumb"},"inLanguage":"en-US","potentialAction":[{"@type":"ReadAction","target":["https:\/\/edufisaludable.com\/en\/cookies-policy\/"]}]},{"@type":"BreadcrumbList","@id":"https:\/\/edufisaludable.com\/en\/cookies-policy\/#breadcrumb","itemListElement":[{"@type":"ListItem","position":1,"name":"Portada","item":"https:\/\/edufisaludable.com\/en\/"},{"@type":"ListItem","position":2,"name":"Cookies policy"}]},{"@type":"WebSite","@id":"https:\/\/edufisaludable.com\/#website","url":"https:\/\/edufisaludable.com\/","name":"Edufisaludable","description":"Red Internacional de Investigaci\u00f3n en Educaci\u00f3n F\u00edsica y Promoci\u00f3n de H\u00e1bitos Saludables.","potentialAction":[{"@type":"SearchAction","target":{"@type":"EntryPoint","urlTemplate":"https:\/\/edufisaludable.com\/?s={search_term_string}"},"query-input":{"@type":"PropertyValueSpecification","valueRequired":true,"valueName":"search_term_string"}}],"inLanguage":"en-US"}]}},"_links":{"self":[{"href":"https:\/\/edufisaludable.com\/en\/wp-json\/wp\/v2\/pages\/2733","targetHints":{"allow":["GET"]}}],"collection":[{"href":"https:\/\/edufisaludable.com\/en\/wp-json\/wp\/v2\/pages"}],"about":[{"href":"https:\/\/edufisaludable.com\/en\/wp-json\/wp\/v2\/types\/page"}],"author":[{"embeddable":true,"href":"https:\/\/edufisaludable.com\/en\/wp-json\/wp\/v2\/users\/1"}],"replies":[{"embeddable":true,"href":"https:\/\/edufisaludable.com\/en\/wp-json\/wp\/v2\/comments?post=2733"}],"version-history":[{"count":4,"href":"https:\/\/edufisaludable.com\/en\/wp-json\/wp\/v2\/pages\/2733\/revisions"}],"predecessor-version":[{"id":2874,"href":"https:\/\/edufisaludable.com\/en\/wp-json\/wp\/v2\/pages\/2733\/revisions\/2874"}],"wp:attachment":[{"href":"https:\/\/edufisaludable.com\/en\/wp-json\/wp\/v2\/media?parent=2733"}],"curies":[{"name":"wp","href":"https:\/\/api.w.org\/{rel}","templated":true}]}}